{"id":6,"date":"2024-12-12T13:06:30","date_gmt":"2024-12-12T11:06:30","guid":{"rendered":"http:\/\/localhost:8888\/?page_id=6"},"modified":"2025-03-03T13:31:06","modified_gmt":"2025-03-03T11:31:06","slug":"toihin-outokumpuun","status":"publish","type":"page","link":"https:\/\/outokumpuun.fi\/","title":{"rendered":"Etusivu"},"content":{"rendered":"","protected":false},"excerpt":{"rendered":"","protected":false},"author":1,"featured_media":0,"parent":0,"menu_order":0,"comment_status":"closed","ping_status":"closed","template":"","meta":{"_acf_changed":false,"inline_featured_image":false,"footnotes":""},"class_list":["post-6","page","type-page","status-publish","hentry"],"acf":[],"yoast_head":"<!-- This site is optimized with the Yoast SEO plugin v27.0 - https:\/\/yoast.com\/product\/yoast-seo-wordpress\/ -->\n<title>T\u00f6ihin Outokumpuun - Kulttuurin k\u00e4sikirja<\/title>\n<meta name=\"description\" content=\"Alueella toimii suuri joukko yrityksi\u00e4 eri toimialoilta ja tarjoaa ty\u00f6mahdollisuuksia kokeneille ammattilaisille kuin vastavalmistuneille.\" \/>\n<meta name=\"robots\" content=\"index, follow, max-snippet:-1, max-image-preview:large, max-video-preview:-1\" \/>\n<link rel=\"canonical\" href=\"https:\/\/outokumpuun.fi\/\" \/>\n<meta property=\"og:locale\" content=\"fi_FI\" \/>\n<meta property=\"og:type\" content=\"article\" \/>\n<meta property=\"og:title\" content=\"T\u00f6ihin Outokumpuun - Kulttuurin k\u00e4sikirja\" \/>\n<meta property=\"og:description\" content=\"Alueella toimii suuri joukko yrityksi\u00e4 eri toimialoilta ja tarjoaa ty\u00f6mahdollisuuksia kokeneille ammattilaisille kuin vastavalmistuneille.\" \/>\n<meta property=\"og:url\" content=\"https:\/\/outokumpuun.fi\/\" \/>\n<meta property=\"og:site_name\" content=\"Kulttuuri\" \/>\n<meta property=\"article:modified_time\" content=\"2025-03-03T11:31:06+00:00\" \/>\n<meta name=\"twitter:card\" content=\"summary_large_image\" \/>\n<meta name=\"twitter:label1\" content=\"Arvioitu lukuaika\" \/>\n\t<meta name=\"twitter:data1\" content=\"6 minuuttia\" \/>\n<script type=\"application\/ld+json\" class=\"yoast-schema-graph\">{\"@context\":\"https:\/\/schema.org\",\"@graph\":[{\"@type\":\"WebPage\",\"@id\":\"https:\/\/outokumpuun.fi\/\",\"url\":\"https:\/\/outokumpuun.fi\/\",\"name\":\"T\u00f6ihin Outokumpuun - Kulttuurin k\u00e4sikirja\",\"isPartOf\":{\"@id\":\"https:\/\/outokumpuun.fi\/#website\"},\"datePublished\":\"2024-12-12T11:06:30+00:00\",\"dateModified\":\"2025-03-03T11:31:06+00:00\",\"description\":\"Alueella toimii suuri joukko yrityksi\u00e4 eri toimialoilta ja tarjoaa ty\u00f6mahdollisuuksia kokeneille ammattilaisille kuin vastavalmistuneille.\",\"breadcrumb\":{\"@id\":\"https:\/\/outokumpuun.fi\/#breadcrumb\"},\"inLanguage\":\"fi\",\"potentialAction\":[{\"@type\":\"ReadAction\",\"target\":[\"https:\/\/outokumpuun.fi\/\"]}]},{\"@type\":\"BreadcrumbList\",\"@id\":\"https:\/\/outokumpuun.fi\/#breadcrumb\",\"itemListElement\":[{\"@type\":\"ListItem\",\"position\":1,\"name\":\"Etusivu\",\"item\":\"https:\/\/outokumpuun.fi\/\"},{\"@type\":\"ListItem\",\"position\":2,\"name\":\"Etusivu\"}]},{\"@type\":\"WebSite\",\"@id\":\"https:\/\/outokumpuun.fi\/#website\",\"url\":\"https:\/\/outokumpuun.fi\/\",\"name\":\"Kulttuuri\",\"description\":\"\",\"potentialAction\":[{\"@type\":\"SearchAction\",\"target\":{\"@type\":\"EntryPoint\",\"urlTemplate\":\"https:\/\/outokumpuun.fi\/?s={search_term_string}\"},\"query-input\":{\"@type\":\"PropertyValueSpecification\",\"valueRequired\":true,\"valueName\":\"search_term_string\"}}],\"inLanguage\":\"fi\"}]}<\/script>\n<!-- \/ Yoast SEO plugin. -->","yoast_head_json":{"title":"T\u00f6ihin Outokumpuun - Kulttuurin k\u00e4sikirja","description":"Alueella toimii suuri joukko yrityksi\u00e4 eri toimialoilta ja tarjoaa ty\u00f6mahdollisuuksia kokeneille ammattilaisille kuin vastavalmistuneille.","robots":{"index":"index","follow":"follow","max-snippet":"max-snippet:-1","max-image-preview":"max-image-preview:large","max-video-preview":"max-video-preview:-1"},"canonical":"https:\/\/outokumpuun.fi\/","og_locale":"fi_FI","og_type":"article","og_title":"T\u00f6ihin Outokumpuun - Kulttuurin k\u00e4sikirja","og_description":"Alueella toimii suuri joukko yrityksi\u00e4 eri toimialoilta ja tarjoaa ty\u00f6mahdollisuuksia kokeneille ammattilaisille kuin vastavalmistuneille.","og_url":"https:\/\/outokumpuun.fi\/","og_site_name":"Kulttuuri","article_modified_time":"2025-03-03T11:31:06+00:00","twitter_card":"summary_large_image","twitter_misc":{"Arvioitu lukuaika":"6 minuuttia"},"schema":{"@context":"https:\/\/schema.org","@graph":[{"@type":"WebPage","@id":"https:\/\/outokumpuun.fi\/","url":"https:\/\/outokumpuun.fi\/","name":"T\u00f6ihin Outokumpuun - Kulttuurin k\u00e4sikirja","isPartOf":{"@id":"https:\/\/outokumpuun.fi\/#website"},"datePublished":"2024-12-12T11:06:30+00:00","dateModified":"2025-03-03T11:31:06+00:00","description":"Alueella toimii suuri joukko yrityksi\u00e4 eri toimialoilta ja tarjoaa ty\u00f6mahdollisuuksia kokeneille ammattilaisille kuin vastavalmistuneille.","breadcrumb":{"@id":"https:\/\/outokumpuun.fi\/#breadcrumb"},"inLanguage":"fi","potentialAction":[{"@type":"ReadAction","target":["https:\/\/outokumpuun.fi\/"]}]},{"@type":"BreadcrumbList","@id":"https:\/\/outokumpuun.fi\/#breadcrumb","itemListElement":[{"@type":"ListItem","position":1,"name":"Etusivu","item":"https:\/\/outokumpuun.fi\/"},{"@type":"ListItem","position":2,"name":"Etusivu"}]},{"@type":"WebSite","@id":"https:\/\/outokumpuun.fi\/#website","url":"https:\/\/outokumpuun.fi\/","name":"Kulttuuri","description":"","potentialAction":[{"@type":"SearchAction","target":{"@type":"EntryPoint","urlTemplate":"https:\/\/outokumpuun.fi\/?s={search_term_string}"},"query-input":{"@type":"PropertyValueSpecification","valueRequired":true,"valueName":"search_term_string"}}],"inLanguage":"fi"}]}},"_links":{"self":[{"href":"https:\/\/outokumpuun.fi\/index.php\/wp-json\/wp\/v2\/pages\/6","targetHints":{"allow":["GET"]}}],"collection":[{"href":"https:\/\/outokumpuun.fi\/index.php\/wp-json\/wp\/v2\/pages"}],"about":[{"href":"https:\/\/outokumpuun.fi\/index.php\/wp-json\/wp\/v2\/types\/page"}],"author":[{"embeddable":true,"href":"https:\/\/outokumpuun.fi\/index.php\/wp-json\/wp\/v2\/users\/1"}],"replies":[{"embeddable":true,"href":"https:\/\/outokumpuun.fi\/index.php\/wp-json\/wp\/v2\/comments?post=6"}],"version-history":[{"count":1,"href":"https:\/\/outokumpuun.fi\/index.php\/wp-json\/wp\/v2\/pages\/6\/revisions"}],"predecessor-version":[{"id":8,"href":"https:\/\/outokumpuun.fi\/index.php\/wp-json\/wp\/v2\/pages\/6\/revisions\/8"}],"wp:attachment":[{"href":"https:\/\/outokumpuun.fi\/index.php\/wp-json\/wp\/v2\/media?parent=6"}],"curies":[{"name":"wp","href":"https:\/\/api.w.org\/{rel}","templated":true}]}}